{"id":1260,"date":"2017-11-03T10:07:18","date_gmt":"2017-11-03T10:07:18","guid":{"rendered":"https:\/\/cantinavolverino.it\/?page_id=1260"},"modified":"2017-11-03T10:10:12","modified_gmt":"2017-11-03T10:10:12","slug":"delivery-policy","status":"publish","type":"page","link":"https:\/\/cantinavolverino.it\/it\/delivery-policy\/","title":{"rendered":"POLITICA DI CONSEGNA"},"content":{"rendered":"<div class=\"wpb-content-wrapper\"><div class=\"vc_row wpb_row vc_row-fluid\"><div class=\"wpb_column vc_column_container vc_col-sm-12\"><div class=\"vc_column-inner\"><div class=\"wpb_wrapper\">\n\t<div class=\"wpb_text_column wpb_content_element\" >\n\t\t<div class=\"wpb_wrapper\">\n\t\t\t<div class=\"container\">\n<div class=\"row\">\n<p>Tutti gli ordini sono soggetti alla disponibilit\u00e0 dei prodotti. Se un articolo nel vostro ordine non \u00e8 disponibile, spediremo unicamente la quantit\u00e0 di prodotto disponibile. Quando il prodotto torner\u00e0 nuovamente disponibile, spediremo la rimanenza dell\u2019ordine. I costi di spedizione del vostro ordine non sono rimborsabili e sono calcolati sulla base del peso degli articoli ordinati e il luogo di spedizione.<\/p>\n<p>La data di consegna del vostro ordine potrebbe subire variazioni che dipendono dalle politiche di consegna del corriere, dal luogo di spedizione, dal metodo di consegna e dal numero di articoli ordinati. Inoltre, in alcuni casi, il vostro ordine potrebbe essere consegnato con spedizioni separate. Supplementi alla spedizione potrebbero essere applicati a seconda del luogo di spedizione e della dimensione dell\u2019ordine. Il ricevente \u00e8 sempre responsabile del pagamento di eventuali tasse applicabili alla consegna dell\u2019ordine, incluse tasse sulla vendita, IVA, tariffe doganali e accise. Se doveste riscontrare qualsiasi danno agli articoli che avete ordinato al momento consegna, vi \u00e8 obbligo di contattarci entro e non oltre 5 giorni dalla ricezione dell\u2019ordine.<\/p>\n<\/div>\n<\/div>\n<div class=\"container\"><\/div>\n\n\t\t<\/div>\n\t<\/div>\n<\/div><\/div><\/div><\/div>\n<\/div>","protected":false},"excerpt":{"rendered":"All orders are subject to product availability. If an item in your order is unavailable, we will ship you the part of your order that is available. When that item becomes available, we will ship you the rest of your order. Shipping costs for your order are non-refundable and are based on the weight of<br class=\"read-more-spacer\"> <a class=\"more-link\" href=\"https:\/\/cantinavolverino.it\/it\/delivery-policy\/\">Read More<\/a>","protected":false},"author":1,"featured_media":0,"parent":0,"menu_order":0,"comment_status":"closed","ping_status":"closed","template":"","meta":{"_acf_changed":false,"footnotes":""},"class_list":["post-1260","page","type-page","status-publish","hentry"],"acf":[],"yoast_head":"<!-- This site is optimized with the Yoast SEO plugin v25.4 - https:\/\/yoast.com\/wordpress\/plugins\/seo\/ -->\n<title>Delivery Policy - Cantina Volverino \u2013 Societ\u00e0 Agricola Titiana | Vini Naturali in Italia<\/title>\n<meta name=\"robots\" content=\"index, follow, max-snippet:-1, max-image-preview:large, max-video-preview:-1\" \/>\n<link rel=\"canonical\" href=\"https:\/\/cantinavolverino.it\/it\/delivery-policy\/\" \/>\n<meta property=\"og:locale\" content=\"it_IT\" \/>\n<meta property=\"og:type\" content=\"article\" \/>\n<meta property=\"og:title\" content=\"Delivery Policy - Cantina Volverino \u2013 Societ\u00e0 Agricola Titiana | Vini Naturali in Italia\" \/>\n<meta property=\"og:url\" content=\"https:\/\/cantinavolverino.it\/it\/delivery-policy\/\" \/>\n<meta property=\"og:site_name\" content=\"Cantina Volverino \u2013 Societ\u00e0 Agricola Titiana | Vini Naturali in Italia\" \/>\n<meta property=\"article:publisher\" content=\"https:\/\/www.facebook.com\/pg\/cantinavolverino\" \/>\n<meta property=\"article:modified_time\" content=\"2017-11-03T10:10:12+00:00\" \/>\n<meta property=\"og:image\" content=\"https:\/\/cantinavolverino.it\/wp-content\/uploads\/2016\/03\/history.jpg\" \/>\n\t<meta property=\"og:image:width\" content=\"949\" \/>\n\t<meta property=\"og:image:height\" content=\"949\" \/>\n\t<meta property=\"og:image:type\" content=\"image\/jpeg\" \/>\n<meta name=\"twitter:card\" content=\"summary_large_image\" \/>\n<meta name=\"twitter:label1\" content=\"Est. reading time\" \/>\n\t<meta name=\"twitter:data1\" content=\"1 minute\" \/>\n<script type=\"application\/ld+json\" class=\"yoast-schema-graph\">{\"@context\":\"https:\/\/schema.org\",\"@graph\":[{\"@type\":\"WebPage\",\"@id\":\"https:\/\/cantinavolverino.it\/delivery-policy\/\",\"url\":\"https:\/\/cantinavolverino.it\/delivery-policy\/\",\"name\":\"Delivery Policy - Cantina Volverino \u2013 Societ\u00e0 Agricola Titiana | Vini Naturali in Italia\",\"isPartOf\":{\"@id\":\"https:\/\/cantinavolverino.it\/#website\"},\"datePublished\":\"2017-11-03T10:07:18+00:00\",\"dateModified\":\"2017-11-03T10:10:12+00:00\",\"breadcrumb\":{\"@id\":\"https:\/\/cantinavolverino.it\/delivery-policy\/#breadcrumb\"},\"inLanguage\":\"it-IT\",\"potentialAction\":[{\"@type\":\"ReadAction\",\"target\":[\"https:\/\/cantinavolverino.it\/delivery-policy\/\"]}]},{\"@type\":\"BreadcrumbList\",\"@id\":\"https:\/\/cantinavolverino.it\/delivery-policy\/#breadcrumb\",\"itemListElement\":[{\"@type\":\"ListItem\",\"position\":1,\"name\":\"Home\",\"item\":\"https:\/\/cantinavolverino.it\/\"},{\"@type\":\"ListItem\",\"position\":2,\"name\":\"Delivery Policy\"}]},{\"@type\":\"WebSite\",\"@id\":\"https:\/\/cantinavolverino.it\/#website\",\"url\":\"https:\/\/cantinavolverino.it\/\",\"name\":\"Cantina Volverino \u2013 Societ\u00e0 Agricola Titiana SRL\",\"description\":\"Vini biologici dal cuore dell\u2019Italia \u2013 Degustazioni, Visite &amp; Spedizioni\",\"publisher\":{\"@id\":\"https:\/\/cantinavolverino.it\/#organization\"},\"alternateName\":\"Volverino Vini | Cantina Titiana | Titiana SRL\",\"potentialAction\":[{\"@type\":\"SearchAction\",\"target\":{\"@type\":\"EntryPoint\",\"urlTemplate\":\"https:\/\/cantinavolverino.it\/?s={search_term_string}\"},\"query-input\":{\"@type\":\"PropertyValueSpecification\",\"valueRequired\":true,\"valueName\":\"search_term_string\"}}],\"inLanguage\":\"it-IT\"},{\"@type\":\"Organization\",\"@id\":\"https:\/\/cantinavolverino.it\/#organization\",\"name\":\"Cantina Volverino \u2013 Societ\u00e0 Agricola Titiana SRL\",\"alternateName\":\"Volverino Vini | Cantina Titiana | Titiana SRL\",\"url\":\"https:\/\/cantinavolverino.it\/\",\"logo\":{\"@type\":\"ImageObject\",\"inLanguage\":\"it-IT\",\"@id\":\"https:\/\/cantinavolverino.it\/#\/schema\/logo\/image\/\",\"url\":\"https:\/\/cantinavolverino.it\/wp-content\/uploads\/2017\/09\/cantina-volverino-logo-2017.png\",\"contentUrl\":\"https:\/\/cantinavolverino.it\/wp-content\/uploads\/2017\/09\/cantina-volverino-logo-2017.png\",\"width\":571,\"height\":62,\"caption\":\"Cantina Volverino \u2013 Societ\u00e0 Agricola Titiana SRL\"},\"image\":{\"@id\":\"https:\/\/cantinavolverino.it\/#\/schema\/logo\/image\/\"},\"sameAs\":[\"https:\/\/www.facebook.com\/pg\/cantinavolverino\",\"https:\/\/www.instagram.com\/cantinavolverino\/\"]}]}<\/script>\n<!-- \/ Yoast SEO plugin. -->","yoast_head_json":{"title":"Delivery Policy - Cantina Volverino \u2013 Societ\u00e0 Agricola Titiana | Vini Naturali in Italia","robots":{"index":"index","follow":"follow","max-snippet":"max-snippet:-1","max-image-preview":"max-image-preview:large","max-video-preview":"max-video-preview:-1"},"canonical":"https:\/\/cantinavolverino.it\/it\/delivery-policy\/","og_locale":"it_IT","og_type":"article","og_title":"Delivery Policy - Cantina Volverino \u2013 Societ\u00e0 Agricola Titiana | Vini Naturali in Italia","og_url":"https:\/\/cantinavolverino.it\/it\/delivery-policy\/","og_site_name":"Cantina Volverino \u2013 Societ\u00e0 Agricola Titiana | Vini Naturali in Italia","article_publisher":"https:\/\/www.facebook.com\/pg\/cantinavolverino","article_modified_time":"2017-11-03T10:10:12+00:00","og_image":[{"width":949,"height":949,"url":"https:\/\/cantinavolverino.it\/wp-content\/uploads\/2016\/03\/history.jpg","type":"image\/jpeg"}],"twitter_card":"summary_large_image","twitter_misc":{"Est. reading time":"1 minute"},"schema":{"@context":"https:\/\/schema.org","@graph":[{"@type":"WebPage","@id":"https:\/\/cantinavolverino.it\/delivery-policy\/","url":"https:\/\/cantinavolverino.it\/delivery-policy\/","name":"Delivery Policy - Cantina Volverino \u2013 Societ\u00e0 Agricola Titiana | Vini Naturali in Italia","isPartOf":{"@id":"https:\/\/cantinavolverino.it\/#website"},"datePublished":"2017-11-03T10:07:18+00:00","dateModified":"2017-11-03T10:10:12+00:00","breadcrumb":{"@id":"https:\/\/cantinavolverino.it\/delivery-policy\/#breadcrumb"},"inLanguage":"it-IT","potentialAction":[{"@type":"ReadAction","target":["https:\/\/cantinavolverino.it\/delivery-policy\/"]}]},{"@type":"BreadcrumbList","@id":"https:\/\/cantinavolverino.it\/delivery-policy\/#breadcrumb","itemListElement":[{"@type":"ListItem","position":1,"name":"Home","item":"https:\/\/cantinavolverino.it\/"},{"@type":"ListItem","position":2,"name":"Delivery Policy"}]},{"@type":"WebSite","@id":"https:\/\/cantinavolverino.it\/#website","url":"https:\/\/cantinavolverino.it\/","name":"Cantina Volverino \u2013 Societ\u00e0 Agricola Titiana SRL","description":"Vini biologici dal cuore dell\u2019Italia \u2013 Degustazioni, Visite &amp; Spedizioni","publisher":{"@id":"https:\/\/cantinavolverino.it\/#organization"},"alternateName":"Volverino Vini | Cantina Titiana | Titiana SRL","potentialAction":[{"@type":"SearchAction","target":{"@type":"EntryPoint","urlTemplate":"https:\/\/cantinavolverino.it\/?s={search_term_string}"},"query-input":{"@type":"PropertyValueSpecification","valueRequired":true,"valueName":"search_term_string"}}],"inLanguage":"it-IT"},{"@type":"Organization","@id":"https:\/\/cantinavolverino.it\/#organization","name":"Cantina Volverino \u2013 Societ\u00e0 Agricola Titiana SRL","alternateName":"Volverino Vini | Cantina Titiana | Titiana SRL","url":"https:\/\/cantinavolverino.it\/","logo":{"@type":"ImageObject","inLanguage":"it-IT","@id":"https:\/\/cantinavolverino.it\/#\/schema\/logo\/image\/","url":"https:\/\/cantinavolverino.it\/wp-content\/uploads\/2017\/09\/cantina-volverino-logo-2017.png","contentUrl":"https:\/\/cantinavolverino.it\/wp-content\/uploads\/2017\/09\/cantina-volverino-logo-2017.png","width":571,"height":62,"caption":"Cantina Volverino \u2013 Societ\u00e0 Agricola Titiana SRL"},"image":{"@id":"https:\/\/cantinavolverino.it\/#\/schema\/logo\/image\/"},"sameAs":["https:\/\/www.facebook.com\/pg\/cantinavolverino","https:\/\/www.instagram.com\/cantinavolverino\/"]}]}},"_links":{"self":[{"href":"https:\/\/cantinavolverino.it\/it\/wp-json\/wp\/v2\/pages\/1260","targetHints":{"allow":["GET"]}}],"collection":[{"href":"https:\/\/cantinavolverino.it\/it\/wp-json\/wp\/v2\/pages"}],"about":[{"href":"https:\/\/cantinavolverino.it\/it\/wp-json\/wp\/v2\/types\/page"}],"author":[{"embeddable":true,"href":"https:\/\/cantinavolverino.it\/it\/wp-json\/wp\/v2\/users\/1"}],"replies":[{"embeddable":true,"href":"https:\/\/cantinavolverino.it\/it\/wp-json\/wp\/v2\/comments?post=1260"}],"version-history":[{"count":3,"href":"https:\/\/cantinavolverino.it\/it\/wp-json\/wp\/v2\/pages\/1260\/revisions"}],"predecessor-version":[{"id":1267,"href":"https:\/\/cantinavolverino.it\/it\/wp-json\/wp\/v2\/pages\/1260\/revisions\/1267"}],"wp:attachment":[{"href":"https:\/\/cantinavolverino.it\/it\/wp-json\/wp\/v2\/media?parent=1260"}],"curies":[{"name":"wp","href":"https:\/\/api.w.org\/{rel}","templated":true}]}}